{"id":415,"date":"2016-07-13T20:24:07","date_gmt":"2016-07-13T19:24:07","guid":{"rendered":"http:\/\/englishcentercalahorra.es\/?page_id=415"},"modified":"2018-06-04T14:39:10","modified_gmt":"2018-06-04T13:39:10","slug":"centrosescolares","status":"publish","type":"page","link":"https:\/\/englishcentercalahorra.es\/en\/centrosescolares\/","title":{"rendered":"Ingl\u00e9s para colegios"},"content":{"rendered":"<p>[et_pb_section bb_built=&#8221;1&#8243; fullwidth=&#8221;on&#8221; specialty=&#8221;off&#8221; background_image=&#8221;http:\/\/englishcentercalahorra.es\/wp-content\/uploads\/2016\/07\/29170739396ae9bce747b2d307b0016b.jpeg&#8221; transparent_background=&#8221;off&#8221; background_color=&#8221;#ffffff&#8221; allow_player_pause=&#8221;off&#8221; inner_shadow=&#8221;on&#8221; parallax=&#8221;on&#8221; parallax_method=&#8221;off&#8221; padding_mobile=&#8221;off&#8221; make_fullwidth=&#8221;off&#8221; use_custom_width=&#8221;off&#8221; width_unit=&#8221;on&#8221; make_equal=&#8221;off&#8221; use_custom_gutter=&#8221;off&#8221; custom_padding_tablet=&#8221;50px|0|50px|0&#8243; custom_padding_last_edited=&#8221;on|desktop&#8221; next_background_color=&#8221;#22618c&#8221;][et_pb_fullwidth_header background_layout=&#8221;light&#8221; text_orientation=&#8221;center&#8221; header_fullscreen=&#8221;on&#8221; header_scroll_down=&#8221;on&#8221; parallax=&#8221;on&#8221; title_font=&#8221;|on|||&#8221; subhead_font=&#8221;|on|||&#8221; title_font_size=&#8221;50px&#8221; subhead_font_size=&#8221;30px&#8221; scroll_down_icon=&#8221;%%4%%&#8221; title=&#8221;SCHOOLS&#8221; title_text_color=&#8221;#000000&#8243; subhead_text_color=&#8221;#000000&#8243; background_color=&#8221;rgba(255, 255, 255, 0)&#8221; _builder_version=&#8221;3.3.1&#8243; max_width_tablet=&#8221;50px&#8221; \/][\/et_pb_section][et_pb_section bb_built=&#8221;1&#8243; specialty=&#8221;off&#8221; background_color=&#8221;#22618c&#8221; inner_shadow=&#8221;on&#8221; parallax=&#8221;on&#8221; custom_padding_tablet=&#8221;50px|0|50px|0&#8243; custom_padding_last_edited=&#8221;on|desktop&#8221; prev_background_color=&#8221;#ffffff&#8221; next_background_color=&#8221;#FFFFFF&#8221; _builder_version=&#8221;3.3.1&#8243;][et_pb_row make_fullwidth=&#8221;on&#8221; use_custom_width=&#8221;off&#8221; width_unit=&#8221;on&#8221; use_custom_gutter=&#8221;off&#8221; padding_mobile=&#8221;off&#8221; allow_player_pause=&#8221;off&#8221; parallax=&#8221;off&#8221; parallax_method=&#8221;off&#8221; make_equal=&#8221;off&#8221; parallax_1=&#8221;off&#8221; parallax_method_1=&#8221;off&#8221; column_padding_mobile=&#8221;on&#8221; background_position=&#8221;top_left&#8221; background_repeat=&#8221;repeat&#8221; background_size=&#8221;initial&#8221;][et_pb_column type=&#8221;4_4&#8243;][et_pb_text background_layout=&#8221;dark&#8221; text_orientation=&#8221;justified&#8221; use_border_color=&#8221;off&#8221; text_font=&#8221;|on|||&#8221; text_font_size=&#8221;18&#8243; text_text_color=&#8221;#ffffff&#8221; background_position=&#8221;top_left&#8221; background_repeat=&#8221;repeat&#8221; background_size=&#8221;initial&#8221; _builder_version=&#8221;3.5.1&#8243;]<\/p>\n<h1 style=\"text-align: center;\"><strong>SCHOOLS<\/strong><\/h1>\n<p>English Center offers after-school programs in English, French and German at the school itself. Through these courses, students acquire and\/or improve their communication skills in the specific language.<br \/>\nThe success of our after-school programs is based, mainly, on the training and experience of our teachers in the teaching of languages to students from Pre-school Education to Bachiller. The closeness and personal contact with students and their parents or guardians also define English Center.<\/p>\n<p>&nbsp;<\/p>\n<p>[\/et_pb_text][et_pb_button button_text=&#8221;For further information, please contact us.&#8221; button_alignment=&#8221;center&#8221; custom_button=&#8221;on&#8221; button_text_color=&#8221;#ffffff&#8221; button_icon=&#8221;%%372%%&#8221; button_url=&#8221;http:\/\/englishcentercalahorra.es\/contacto\/&#8221; _builder_version=&#8221;3.3.1&#8243;]<\/p>\n<p>&nbsp;<\/p>\n<p>[\/et_pb_button][\/et_pb_column][\/et_pb_row][\/et_pb_section][et_pb_section bb_built=&#8221;1&#8243; specialty=&#8221;off&#8221; background_image=&#8221;http:\/\/englishcentercalahorra.es\/wp-content\/uploads\/2016\/05\/photo-1444840535719-195841cb6e2b-min.jpeg&#8221; inner_shadow=&#8221;on&#8221; parallax=&#8221;on&#8221; parallax_method=&#8221;off&#8221; custom_padding_tablet=&#8221;50px|0|50px|0&#8243; custom_padding_last_edited=&#8221;on|desktop&#8221; prev_background_color=&#8221;#22618c&#8221; next_background_color=&#8221;#144a6f&#8221; _builder_version=&#8221;3.3.1&#8243;][et_pb_row background_position=&#8221;top_left&#8221; background_repeat=&#8221;repeat&#8221; background_size=&#8221;initial&#8221;][et_pb_column type=&#8221;4_4&#8243;][et_pb_text use_border_color=&#8221;off&#8221; background_position=&#8221;top_left&#8221; background_repeat=&#8221;repeat&#8221; background_size=&#8221;initial&#8221; _builder_version=&#8221;3.3.1&#8243;]<\/p>\n<p>&nbsp;<\/p>\n<h1 class=\"et_pb_module_header\"><\/h1>\n<p>&nbsp;<\/p>\n<p>&nbsp;<\/p>\n<p>&nbsp;<\/p>\n<p>&nbsp;<\/p>\n<p>&nbsp;<\/p>\n<p>&nbsp;<\/p>\n<p>&nbsp;<\/p>\n<p>&nbsp;<\/p>\n<p>&nbsp;<\/p>\n<p>&nbsp;<\/p>\n<p>[\/et_pb_text][\/et_pb_column][\/et_pb_row][\/et_pb_section][et_pb_section bb_built=&#8221;1&#8243; fullwidth=&#8221;on&#8221; specialty=&#8221;off&#8221; background_color=&#8221;#144a6f&#8221; parallax_method=&#8221;off&#8221; custom_padding_tablet=&#8221;50px|0|50px|0&#8243; custom_padding_last_edited=&#8221;on|desktop&#8221; prev_background_color=&#8221;#FFFFFF&#8221; _builder_version=&#8221;3.3.1&#8243;][et_pb_fullwidth_header title=&#8221;Would you like to know more about English Center?&#8221; subhead=&#8221;inquire about our services&#8221; text_orientation=&#8221;center&#8221; title_font=&#8221;Gloria Hallelujah|on|||&#8221; subhead_font=&#8221;Gloria Hallelujah||on||&#8221; subhead_font_size=&#8221;25px&#8221; title_font_size=&#8221;40px&#8221; background_color=&#8221;rgba(255, 255, 255, 0)&#8221; max_width_tablet=&#8221;50px&#8221; title_text_color=&#8221;#ffffff&#8221; background_overlay_color=&#8221;#22618c&#8221; \/][\/et_pb_section]<\/p>\n","protected":false},"excerpt":{"rendered":"<p>[:es] CENTROS ESCOLARES English Center ofrece programas extraescolares de ingl\u00e9s, franc\u00e9s y alem\u00e1n en el propio centro educativo. A trav\u00e9s de estos cursos, los alumnos adquieren y\/o mejoran sus habilidades comunicativas en el idioma concreto. El \u00e9xito de nuestros programas extraescolares se basa, principalmente, en la formaci\u00f3n y experiencia de nuestros profesores en la ense\u00f1anza [&hellip;]<\/p>\n","protected":false},"author":1,"featured_media":5,"parent":0,"menu_order":0,"comment_status":"closed","ping_status":"closed","template":"","meta":{"_et_pb_use_builder":"on","_et_pb_old_content":"","_et_gb_content_width":"","footnotes":""},"class_list":["post-415","page","type-page","status-publish","has-post-thumbnail","hentry"],"translation":{"provider":"WPGlobus","version":"3.0.2","language":"en","enabled_languages":["es","en"],"languages":{"es":{"title":true,"content":true,"excerpt":false},"en":{"title":true,"content":true,"excerpt":false}}},"_links":{"self":[{"href":"https:\/\/englishcentercalahorra.es\/en\/wp-json\/wp\/v2\/pages\/415","targetHints":{"allow":["GET"]}}],"collection":[{"href":"https:\/\/englishcentercalahorra.es\/en\/wp-json\/wp\/v2\/pages"}],"about":[{"href":"https:\/\/englishcentercalahorra.es\/en\/wp-json\/wp\/v2\/types\/page"}],"author":[{"embeddable":true,"href":"https:\/\/englishcentercalahorra.es\/en\/wp-json\/wp\/v2\/users\/1"}],"replies":[{"embeddable":true,"href":"https:\/\/englishcentercalahorra.es\/en\/wp-json\/wp\/v2\/comments?post=415"}],"version-history":[{"count":42,"href":"https:\/\/englishcentercalahorra.es\/en\/wp-json\/wp\/v2\/pages\/415\/revisions"}],"predecessor-version":[{"id":763,"href":"https:\/\/englishcentercalahorra.es\/en\/wp-json\/wp\/v2\/pages\/415\/revisions\/763"}],"wp:featuredmedia":[{"embeddable":true,"href":"https:\/\/englishcentercalahorra.es\/en\/wp-json\/wp\/v2\/media\/5"}],"wp:attachment":[{"href":"https:\/\/englishcentercalahorra.es\/en\/wp-json\/wp\/v2\/media?parent=415"}],"curies":[{"name":"wp","href":"https:\/\/api.w.org\/{rel}","templated":true}]}}