{"id":328,"date":"2016-05-25T16:00:16","date_gmt":"2016-05-25T15:00:16","guid":{"rendered":"http:\/\/englishcentercalahorra.es\/?page_id=328"},"modified":"2018-06-04T14:40:59","modified_gmt":"2018-06-04T13:40:59","slug":"experiencias-linguisticas","status":"publish","type":"page","link":"https:\/\/englishcentercalahorra.es\/en\/experiencias-linguisticas\/","title":{"rendered":"Language experiences"},"content":{"rendered":"<p>[et_pb_section bb_built=&#8221;1&#8243; fullwidth=&#8221;on&#8221; specialty=&#8221;off&#8221; background_image=&#8221;http:\/\/englishcentercalahorra.es\/wp-content\/uploads\/2016\/05\/Experiencias-linguisticas-min.jpeg&#8221; transparent_background=&#8221;off&#8221; background_color=&#8221;#ffffff&#8221; allow_player_pause=&#8221;off&#8221; inner_shadow=&#8221;on&#8221; parallax=&#8221;on&#8221; parallax_method=&#8221;on&#8221; padding_mobile=&#8221;off&#8221; make_fullwidth=&#8221;off&#8221; use_custom_width=&#8221;off&#8221; width_unit=&#8221;on&#8221; make_equal=&#8221;off&#8221; use_custom_gutter=&#8221;off&#8221; custom_padding_tablet=&#8221;50px|0|50px|0&#8243; custom_padding_last_edited=&#8221;on|desktop&#8221; next_background_color=&#8221;#144a6f&#8221;][et_pb_fullwidth_header background_layout=&#8221;dark&#8221; text_orientation=&#8221;center&#8221; header_fullscreen=&#8221;on&#8221; header_scroll_down=&#8221;on&#8221; parallax=&#8221;on&#8221; parallax_method=&#8221;off&#8221; content_orientation=&#8221;center&#8221; image_orientation=&#8221;center&#8221; custom_button_one=&#8221;off&#8221; button_one_letter_spacing=&#8221;0&#8243; button_one_use_icon=&#8221;default&#8221; button_one_icon_placement=&#8221;right&#8221; button_one_on_hover=&#8221;on&#8221; button_one_letter_spacing_hover=&#8221;0&#8243; custom_button_two=&#8221;off&#8221; button_two_letter_spacing=&#8221;0&#8243; button_two_use_icon=&#8221;default&#8221; button_two_icon_placement=&#8221;right&#8221; button_two_on_hover=&#8221;on&#8221; button_two_letter_spacing_hover=&#8221;0&#8243; title_font=&#8221;|on|||&#8221; subhead_font=&#8221;|on|||&#8221; title_font_size=&#8221;50px&#8221; subhead_font_size=&#8221;30px&#8221; content_font=&#8221;Gloria Hallelujah||||&#8221; title_font_color=&#8221;#ffffff&#8221; subhead_font_color=&#8221;#ffffff&#8221; scroll_down_icon=&#8221;%%4%%&#8221; title=&#8221;LANGUAGE EXPERIENCES&#8221;]<br \/>\n[\/et_pb_fullwidth_header][\/et_pb_section][et_pb_section bb_built=&#8221;1&#8243; fullwidth=&#8221;off&#8221; specialty=&#8221;off&#8221; transparent_background=&#8221;off&#8221; background_color=&#8221;#144a6f&#8221; allow_player_pause=&#8221;off&#8221; inner_shadow=&#8221;on&#8221; parallax=&#8221;on&#8221; parallax_method=&#8221;on&#8221; padding_mobile=&#8221;off&#8221; make_fullwidth=&#8221;off&#8221; use_custom_width=&#8221;off&#8221; width_unit=&#8221;on&#8221; make_equal=&#8221;off&#8221; use_custom_gutter=&#8221;off&#8221; custom_padding_tablet=&#8221;50px|0|50px|0&#8243; custom_padding_last_edited=&#8221;on|desktop&#8221; prev_background_color=&#8221;#ffffff&#8221; next_background_color=&#8221;#e02b20&#8243;][et_pb_row make_fullwidth=&#8221;on&#8221; use_custom_width=&#8221;off&#8221; width_unit=&#8221;on&#8221; use_custom_gutter=&#8221;off&#8221; padding_mobile=&#8221;off&#8221; allow_player_pause=&#8221;off&#8221; parallax=&#8221;off&#8221; parallax_method=&#8221;off&#8221; make_equal=&#8221;off&#8221; parallax_1=&#8221;off&#8221; parallax_method_1=&#8221;off&#8221; column_padding_mobile=&#8221;on&#8221;][et_pb_column type=&#8221;4_4&#8243;][et_pb_text background_layout=&#8221;dark&#8221; text_orientation=&#8221;justified&#8221; use_border_color=&#8221;off&#8221; border_color=&#8221;#ffffff&#8221; border_style=&#8221;solid&#8221; text_font=&#8221;|on|||&#8221; text_font_size=&#8221;18&#8243; text_text_color=&#8221;#ffffff&#8221; _builder_version=&#8221;3.3.1&#8243;]<\/p>\n<h3 style=\"text-align: center;\"><strong>LANGUAGE EXPERIENCES<\/strong><\/h3>\n<p>English Center, through British Summer, offers the possibility of enjoying experiences of linguistic immersion in any part of the world. Their catalogue provides you with an ample choice of programs and destinations adapted to all profiles starting from children aged 7 to adults of all ages.<\/p>\n<p>For further information, please visit <a href=\"http:\/\/britishsummer.com\/\">British Summer<\/a>\u00a0or <a href=\"http:\/\/englishcentercalahorra.es\/contacto\/\">contact us<\/a>.<\/p>\n<p>&nbsp;<\/p>\n<p>[\/et_pb_text][\/et_pb_column][\/et_pb_row][\/et_pb_section][et_pb_section bb_built=&#8221;1&#8243; fullwidth=&#8221;off&#8221; specialty=&#8221;off&#8221; background_image=&#8221;http:\/\/englishcentercalahorra.es\/wp-content\/uploads\/2016\/05\/British-Summer-min.jpg&#8221; transparent_background=&#8221;off&#8221; background_color=&#8221;#e02b20&#8243; allow_player_pause=&#8221;off&#8221; inner_shadow=&#8221;on&#8221; parallax=&#8221;on&#8221; parallax_method=&#8221;on&#8221; padding_mobile=&#8221;off&#8221; make_fullwidth=&#8221;off&#8221; use_custom_width=&#8221;off&#8221; width_unit=&#8221;on&#8221; make_equal=&#8221;off&#8221; use_custom_gutter=&#8221;off&#8221; custom_padding_tablet=&#8221;50px|0|50px|0&#8243; custom_padding_last_edited=&#8221;on|desktop&#8221; prev_background_color=&#8221;#144a6f&#8221; next_background_color=&#8221;#144a6f&#8221;][et_pb_row][et_pb_column type=&#8221;4_4&#8243;][et_pb_text background_layout=&#8221;light&#8221; text_orientation=&#8221;left&#8221; use_border_color=&#8221;off&#8221; border_color=&#8221;#ffffff&#8221; border_style=&#8221;solid&#8221;]<\/p>\n<p>&nbsp;<\/p>\n<p>&nbsp;<\/p>\n<p>&nbsp;<\/p>\n<p>&nbsp;<\/p>\n<p>&nbsp;<\/p>\n<p>&nbsp;<\/p>\n<p>&nbsp;<\/p>\n<p>&nbsp;<\/p>\n<p>&nbsp;<\/p>\n<p>&nbsp;<\/p>\n<p>&nbsp;<\/p>\n<p>&nbsp;<\/p>\n<p>[\/et_pb_text][\/et_pb_column][\/et_pb_row][\/et_pb_section][et_pb_section bb_built=&#8221;1&#8243; fullwidth=&#8221;on&#8221; specialty=&#8221;off&#8221; transparent_background=&#8221;off&#8221; background_color=&#8221;#144a6f&#8221; allow_player_pause=&#8221;off&#8221; inner_shadow=&#8221;off&#8221; parallax=&#8221;off&#8221; parallax_method=&#8221;off&#8221; padding_mobile=&#8221;off&#8221; make_fullwidth=&#8221;off&#8221; use_custom_width=&#8221;off&#8221; width_unit=&#8221;on&#8221; make_equal=&#8221;off&#8221; use_custom_gutter=&#8221;off&#8221; custom_padding_tablet=&#8221;50px|0|50px|0&#8243; custom_padding_last_edited=&#8221;on|desktop&#8221; prev_background_color=&#8221;#e02b20&#8243;][et_pb_fullwidth_header title=&#8221;Would you like to know more about English Center?&#8221; subhead=&#8221;inquire about our services&#8221; background_layout=&#8221;dark&#8221; text_orientation=&#8221;justified&#8221; header_fullscreen=&#8221;off&#8221; header_scroll_down=&#8221;off&#8221; parallax=&#8221;off&#8221; parallax_method=&#8221;off&#8221; content_orientation=&#8221;center&#8221; image_orientation=&#8221;center&#8221; custom_button_one=&#8221;off&#8221; button_one_letter_spacing=&#8221;0&#8243; button_one_use_icon=&#8221;default&#8221; button_one_icon_placement=&#8221;right&#8221; button_one_on_hover=&#8221;on&#8221; button_one_letter_spacing_hover=&#8221;0&#8243; custom_button_two=&#8221;off&#8221; button_two_letter_spacing=&#8221;0&#8243; button_two_use_icon=&#8221;default&#8221; button_two_icon_placement=&#8221;right&#8221; button_two_on_hover=&#8221;on&#8221; button_two_letter_spacing_hover=&#8221;0&#8243; title_font=&#8221;Gloria Hallelujah|on|||&#8221; subhead_font=&#8221;Gloria Hallelujah||on||&#8221; subhead_font_size=&#8221;25px&#8221; title_font_size=&#8221;40px&#8221;]<br \/>\n[\/et_pb_fullwidth_header][\/et_pb_section]<\/p>\n","protected":false},"excerpt":{"rendered":"<p>[:es] &nbsp; EXPERIENCIAS LING\u00dc\u00cdSTICAS English Center, a trav\u00e9s de British Summer, te ofrece la posibilidad de disfrutar de experiencias de inmersi\u00f3n ling\u00fc\u00edstica en cualquier parte del mundo.\u00a0En su cat\u00e1logo encontrar\u00e1s lo que est\u00e1s buscando, pudiendo elegir entre una amplia variedad de programas y destinos que se adaptan a todos los perfiles, desde ni\u00f1os a partir [&hellip;]<\/p>\n","protected":false},"author":1,"featured_media":387,"parent":0,"menu_order":0,"comment_status":"closed","ping_status":"closed","template":"","meta":{"_et_pb_use_builder":"on","_et_pb_old_content":"","_et_gb_content_width":"","footnotes":""},"class_list":["post-328","page","type-page","status-publish","has-post-thumbnail","hentry"],"translation":{"provider":"WPGlobus","version":"3.0.2","language":"en","enabled_languages":["es","en"],"languages":{"es":{"title":true,"content":true,"excerpt":false},"en":{"title":true,"content":true,"excerpt":false}}},"_links":{"self":[{"href":"https:\/\/englishcentercalahorra.es\/en\/wp-json\/wp\/v2\/pages\/328","targetHints":{"allow":["GET"]}}],"collection":[{"href":"https:\/\/englishcentercalahorra.es\/en\/wp-json\/wp\/v2\/pages"}],"about":[{"href":"https:\/\/englishcentercalahorra.es\/en\/wp-json\/wp\/v2\/types\/page"}],"author":[{"embeddable":true,"href":"https:\/\/englishcentercalahorra.es\/en\/wp-json\/wp\/v2\/users\/1"}],"replies":[{"embeddable":true,"href":"https:\/\/englishcentercalahorra.es\/en\/wp-json\/wp\/v2\/comments?post=328"}],"version-history":[{"count":59,"href":"https:\/\/englishcentercalahorra.es\/en\/wp-json\/wp\/v2\/pages\/328\/revisions"}],"predecessor-version":[{"id":764,"href":"https:\/\/englishcentercalahorra.es\/en\/wp-json\/wp\/v2\/pages\/328\/revisions\/764"}],"wp:featuredmedia":[{"embeddable":true,"href":"https:\/\/englishcentercalahorra.es\/en\/wp-json\/wp\/v2\/media\/387"}],"wp:attachment":[{"href":"https:\/\/englishcentercalahorra.es\/en\/wp-json\/wp\/v2\/media?parent=328"}],"curies":[{"name":"wp","href":"https:\/\/api.w.org\/{rel}","templated":true}]}}