{"id":288,"date":"2016-05-24T17:37:16","date_gmt":"2016-05-24T16:37:16","guid":{"rendered":"http:\/\/englishcentercalahorra.es\/?page_id=288"},"modified":"2018-06-04T14:31:52","modified_gmt":"2018-06-04T13:31:52","slug":"examenes-oficiales","status":"publish","type":"page","link":"https:\/\/englishcentercalahorra.es\/en\/examenes-oficiales\/","title":{"rendered":"Official exams"},"content":{"rendered":"<p>[et_pb_section bb_built=&#8221;1&#8243; fullwidth=&#8221;on&#8221; specialty=&#8221;off&#8221; next_background_color=&#8221;#ffffff&#8221; _builder_version=&#8221;3.3.1&#8243; background_color=&#8221;#ffffff&#8221; background_image=&#8221;http:\/\/englishcentercalahorra.es\/wp-content\/uploads\/2016\/05\/photo-1445264966786-3029690313ca-min.jpeg&#8221;][et_pb_fullwidth_header title=&#8221;OFFICIAL EXAMS&#8221; text_orientation=&#8221;center&#8221; header_fullscreen=&#8221;on&#8221; header_scroll_down=&#8221;on&#8221; scroll_down_icon=&#8221;%%4%%&#8221; title_font_size=&#8221;50px&#8221; background_image=&#8221;http:\/\/englishcentercalahorra.es\/wp-content\/uploads\/2016\/05\/photo-1445264966786-3029690313ca-min.jpeg&#8221; background_color=&#8221;rgba(255, 255, 255, 0)&#8221; _builder_version=&#8221;3.3.1&#8243; max_width_tablet=&#8221;50px&#8221; \/][\/et_pb_section][et_pb_section bb_built=&#8221;1&#8243; admin_label=&#8221;section&#8221; transparent_background=&#8221;off&#8221; background_color=&#8221;#ffffff&#8221; allow_player_pause=&#8221;off&#8221; inner_shadow=&#8221;off&#8221; parallax=&#8221;off&#8221; parallax_method=&#8221;off&#8221; padding_mobile=&#8221;off&#8221; make_fullwidth=&#8221;off&#8221; use_custom_width=&#8221;off&#8221; width_unit=&#8221;on&#8221; make_equal=&#8221;off&#8221; use_custom_gutter=&#8221;off&#8221; custom_padding_tablet=&#8221;50px|0|50px|0&#8243; custom_padding_last_edited=&#8221;on|desktop&#8221; prev_background_color=&#8221;#000000&#8243; next_background_color=&#8221;#144a6f&#8221;][et_pb_row admin_label=&#8221;row&#8221; make_fullwidth=&#8221;on&#8221; use_custom_width=&#8221;off&#8221; width_unit=&#8221;on&#8221; use_custom_gutter=&#8221;off&#8221; padding_mobile=&#8221;off&#8221; allow_player_pause=&#8221;off&#8221; parallax=&#8221;off&#8221; parallax_method=&#8221;off&#8221; make_equal=&#8221;off&#8221; parallax_1=&#8221;off&#8221; parallax_method_1=&#8221;off&#8221; column_padding_mobile=&#8221;on&#8221; background_position=&#8221;top_left&#8221; background_repeat=&#8221;repeat&#8221; background_size=&#8221;initial&#8221;][et_pb_column type=&#8221;4_4&#8243;][et_pb_image src=&#8221;http:\/\/englishcentercalahorra.es\/wp-content\/uploads\/2016\/05\/Captura-de-pantalla-2016-05-24-a-las-18.02.27.png&#8221; show_in_lightbox=&#8221;off&#8221; url_new_window=&#8221;off&#8221; use_overlay=&#8221;off&#8221; animation=&#8221;fade_in&#8221; sticky=&#8221;on&#8221; align=&#8221;center&#8221; force_fullwidth=&#8221;off&#8221; always_center_on_mobile=&#8221;on&#8221; use_border_color=&#8221;off&#8221; border_color=&#8221;#ffffff&#8221; border_style=&#8221;solid&#8221; animation_style=&#8221;fade&#8221; animation_duration=&#8221;500ms&#8221; animation_intensity_slide=&#8221;10%&#8221; animation_direction=&#8221;center&#8221; show_bottom_space=&#8221;off&#8221; _builder_version=&#8221;3.3.1&#8243;]<\/p>\n<p>&nbsp;<\/p>\n<p>[\/et_pb_image][et_pb_accordion use_border_color=&#8221;off&#8221; _builder_version=&#8221;3.5.1&#8243;][et_pb_accordion_item _builder_version=&#8221;3.5.1&#8243; use_background_color_gradient=&#8221;off&#8221; background_color_gradient_start=&#8221;#2b87da&#8221; background_color_gradient_end=&#8221;#29c4a9&#8243; background_color_gradient_type=&#8221;linear&#8221; background_color_gradient_direction=&#8221;180deg&#8221; background_color_gradient_direction_radial=&#8221;center&#8221; background_color_gradient_start_position=&#8221;0%&#8221; background_color_gradient_end_position=&#8221;100%&#8221; background_color_gradient_overlays_image=&#8221;off&#8221; parallax=&#8221;off&#8221; parallax_method=&#8221;on&#8221; background_size=&#8221;cover&#8221; background_position=&#8221;center&#8221; background_repeat=&#8221;no-repeat&#8221; background_blend=&#8221;normal&#8221; allow_player_pause=&#8221;off&#8221; background_video_pause_outside_viewport=&#8221;on&#8221; text_shadow_style=&#8221;none&#8221; box_shadow_style=&#8221;none&#8221; text_shadow_horizontal_length=&#8221;0em&#8221; text_shadow_vertical_length=&#8221;0em&#8221; text_shadow_blur_strength=&#8221;0em&#8221;]<\/p>\n<h5 class=\"et_pb_toggle_title\">OFFICIAL EXAMS<\/h5>\n<h1><span style=\"color: #ffffff;\">***<\/span><\/h1>\n<p style=\"text-align: justify;\"><span lang=\"EN-US\">At English Center we offer specific courses adapted to the Common European Framework Reference for Languages (CEFR). We prepare students for official language exams in English, French and German.<\/span><\/p>\n<p>[\/et_pb_accordion_item][et_pb_accordion_item title=&#8221;OFFICIAL EXAMS IN ENGLISH&#8221; _builder_version=&#8221;3.5.1&#8243; use_background_color_gradient=&#8221;off&#8221; background_color_gradient_start=&#8221;#2b87da&#8221; background_color_gradient_end=&#8221;#29c4a9&#8243; background_color_gradient_type=&#8221;linear&#8221; background_color_gradient_direction=&#8221;180deg&#8221; background_color_gradient_direction_radial=&#8221;center&#8221; background_color_gradient_start_position=&#8221;0%&#8221; background_color_gradient_end_position=&#8221;100%&#8221; background_color_gradient_overlays_image=&#8221;off&#8221; parallax=&#8221;off&#8221; parallax_method=&#8221;on&#8221; background_size=&#8221;cover&#8221; background_position=&#8221;center&#8221; background_repeat=&#8221;no-repeat&#8221; background_blend=&#8221;normal&#8221; allow_player_pause=&#8221;off&#8221; background_video_pause_outside_viewport=&#8221;on&#8221; text_shadow_style=&#8221;none&#8221; box_shadow_style=&#8221;none&#8221; text_shadow_horizontal_length=&#8221;0em&#8221; text_shadow_vertical_length=&#8221;0em&#8221; text_shadow_blur_strength=&#8221;0em&#8221;]<\/p>\n<h2><a href=\"http:\/\/englishcentercalahorra.es\/wp-content\/uploads\/2016\/05\/photo-1455230760131-ac2870cc6ee6-1.jpg\"><img loading=\"lazy\" decoding=\"async\" class=\"aligncenter size-full wp-image-4\" src=\"http:\/\/englishcentercalahorra.es\/wp-content\/uploads\/2016\/05\/photo-1455230760131-ac2870cc6ee6-1.jpg\" alt=\"\" width=\"1920\" height=\"1280\" srcset=\"https:\/\/englishcentercalahorra.es\/wp-content\/uploads\/2016\/05\/photo-1455230760131-ac2870cc6ee6-1.jpg 1920w, https:\/\/englishcentercalahorra.es\/wp-content\/uploads\/2016\/05\/photo-1455230760131-ac2870cc6ee6-1-300x200.jpg 300w, https:\/\/englishcentercalahorra.es\/wp-content\/uploads\/2016\/05\/photo-1455230760131-ac2870cc6ee6-1-768x512.jpg 768w, https:\/\/englishcentercalahorra.es\/wp-content\/uploads\/2016\/05\/photo-1455230760131-ac2870cc6ee6-1-1024x683.jpg 1024w, https:\/\/englishcentercalahorra.es\/wp-content\/uploads\/2016\/05\/photo-1455230760131-ac2870cc6ee6-1-1080x720.jpg 1080w\" sizes=\"(max-width: 1920px) 100vw, 1920px\" \/><\/a><\/h2>\n<h1><strong>CAMBRIDGE ENGLISH LANGUAGE ASSESSMENT<\/strong><\/h1>\n<h3><span style=\"color: #ffffff;\">***<\/span><\/h3>\n<h3><strong>CAMBRIDGE ESOL EXAMS<\/strong><\/h3>\n<h3><span style=\"color: #ffffff;\">***<\/span><\/h3>\n<h4><em><strong><u>For children (7-12 years)<\/u><\/strong><\/em><\/h4>\n<p><em>Cambridge English: Young Learners<\/em>\u00a0is a serie of fun and engaging activity-based English language tests. They introduce primary and lower-secondary level students to everyday written and spoken English, and are an excellent way to gain confidence and improve their English.\u00a0There are three different tests:<\/p>\n<h3><span style=\"color: #ffffff;\">***<\/span><\/h3>\n<p>&#8211;\u00a0\u00a0\u00a0\u00a0\u00a0\u00a0<strong>Starters<\/strong><\/p>\n<p>&#8211;\u00a0\u00a0\u00a0\u00a0\u00a0\u00a0<strong>Movers<\/strong><\/p>\n<p>&#8211;\u00a0\u00a0\u00a0\u00a0\u00a0\u00a0<strong>Flyers<\/strong><\/p>\n<h3><span style=\"color: #ffffff;\">***<\/span><\/h3>\n<p>The tests are created for children and use topics they are familiar with. All these exams cover the four language skills: Reading, Writing, Speaking and Listening.<\/p>\n<p>These tests should give students the confidence to go on and study for higher-level exams such as KET (Key English Test) and PET (Preliminary English Test).<\/p>\n<h3><span style=\"color: #ffffff;\">***<\/span><\/h3>\n<h4><em><strong><u>For young people (from 13 years) and adults:<\/u><\/strong><\/em><\/h4>\n<h3><span style=\"color: #ffffff;\">***<\/span><\/h3>\n<ul>\n<li><strong>KET (Key English Test)<\/strong>. This is the most elementary of Cambridge exams. This level is intended for students to develop the necessary language skills to communicate socially or in the workplace.<\/li>\n<\/ul>\n<p>This certificate is targeted at level A2 on the CEFR scale.<\/p>\n<p>A school version of this exam is offered to school-aged learners.<\/p>\n<ul>\n<li><strong>PET (Preliminary English Test)<\/strong>. This exam is the logical step in the language learning journey between<em>Cambridge English: Key (KET)<\/em>and <em>Cambridge English: First (FCE)<\/em>. This level is intended for students to develop the necessary language skills to interact in various social and work situations in an English-speaking environment.<\/li>\n<\/ul>\n<p>This certificate is targeted at level B1 on the CEFR scale.<\/p>\n<p>A school version of this exam is offered to school-aged learners.<\/p>\n<ul>\n<li><strong>FCE (First Certificate in English)<\/strong>. This is an upper intermediate level examination for English learners. At this level, students should be able to interact comfortably as tourists, work or study in an English speaking environment.<\/li>\n<\/ul>\n<p>This certificate is targeted at level B2 on the CEFR scale.<\/p>\n<p>A school version of this exam is offered to school-aged learners.<\/p>\n<ul>\n<li><strong>CAE (Certificate in Advanced English)<\/strong>. This is an advanced level examination for English learners and recognizes the ability to communicate with confidence in English and deal with most aspects of everyday life. Universities and companies worldwide accept CAE as proof that the candidate has a good English level to deal with both social and professional situations.<\/li>\n<\/ul>\n<p>This certificate is targeted at level C1 on the CEFR scale.<\/p>\n<ul>\n<li><strong>CPE (Certificate of Proficiency in English)<\/strong>. This is the fifth and highest level of the Cambridge exams. At this stage, learners are approaching a standard of English similar to that of an educated native speaker, and they can be expected to cope in nearly all situations in an English speaking environment.<\/li>\n<\/ul>\n<p>This exam is for students who need to use English at international working environments and for postgraduate.<\/p>\n<p>This certificate is targeted al level C2 on the CEFR scale.<\/p>\n<h3><span style=\"color: #ffffff;\">***<\/span><\/h3>\n<h4><strong>OFFICIAL LANGUAGE SCHOOL EXAMS<\/strong><\/h4>\n<ul>\n<li><strong>Level A1<\/strong>: beginners<\/li>\n<li><strong>Level A2<\/strong>: elementary<\/li>\n<li><strong>Level B1<\/strong>: intermediate<\/li>\n<li><strong>Level B2<\/strong>: upper intermediate<\/li>\n<li><strong>Level C1<\/strong>: advanced<\/li>\n<li><strong>Level C2<\/strong>: proficiency<\/li>\n<\/ul>\n<p>[\/et_pb_accordion_item][et_pb_accordion_item title=&#8221;OFFICIAL EXAMS IN FRENCH&#8221; _builder_version=&#8221;3.5.1&#8243; use_background_color_gradient=&#8221;off&#8221; background_color_gradient_start=&#8221;#2b87da&#8221; background_color_gradient_end=&#8221;#29c4a9&#8243; background_color_gradient_type=&#8221;linear&#8221; background_color_gradient_direction=&#8221;180deg&#8221; background_color_gradient_direction_radial=&#8221;center&#8221; background_color_gradient_start_position=&#8221;0%&#8221; background_color_gradient_end_position=&#8221;100%&#8221; background_color_gradient_overlays_image=&#8221;off&#8221; parallax=&#8221;off&#8221; parallax_method=&#8221;on&#8221; background_size=&#8221;cover&#8221; background_position=&#8221;center&#8221; background_repeat=&#8221;no-repeat&#8221; background_blend=&#8221;normal&#8221; allow_player_pause=&#8221;off&#8221; background_video_pause_outside_viewport=&#8221;on&#8221; text_shadow_style=&#8221;none&#8221; box_shadow_style=&#8221;none&#8221; text_shadow_horizontal_length=&#8221;0em&#8221; text_shadow_vertical_length=&#8221;0em&#8221; text_shadow_blur_strength=&#8221;0em&#8221;]<\/p>\n<p style=\"text-align: justify;\"><a href=\"http:\/\/englishcentercalahorra.es\/wp-content\/uploads\/2016\/05\/paris-min.jpeg\"><img loading=\"lazy\" decoding=\"async\" class=\"aligncenter size-full wp-image-391\" src=\"http:\/\/englishcentercalahorra.es\/wp-content\/uploads\/2016\/05\/paris-min.jpeg\" alt=\"paris-min\" width=\"5184\" height=\"3456\" srcset=\"https:\/\/englishcentercalahorra.es\/wp-content\/uploads\/2016\/05\/paris-min.jpeg 5184w, https:\/\/englishcentercalahorra.es\/wp-content\/uploads\/2016\/05\/paris-min-300x200.jpeg 300w, https:\/\/englishcentercalahorra.es\/wp-content\/uploads\/2016\/05\/paris-min-768x512.jpeg 768w, https:\/\/englishcentercalahorra.es\/wp-content\/uploads\/2016\/05\/paris-min-1024x683.jpeg 1024w, https:\/\/englishcentercalahorra.es\/wp-content\/uploads\/2016\/05\/paris-min-1080x720.jpeg 1080w\" sizes=\"(max-width: 5184px) 100vw, 5184px\" \/><\/a><\/p>\n<h2><strong>OFFICIAL EXAMS OF THE FRENCH MINISTRY OF EDUCATION <\/strong><\/h2>\n<h2><span style=\"color: #ffffff;\"><strong>***<\/strong><\/span><\/h2>\n<p>The DELF and DALF are diplomas awarded by the French Ministry of Education to prove the French-language skills of non-French candidates.<\/p>\n<p>There are six independent diplomas, which correspond, respectively, to the six levels of the <em>Council of Europe\u2019s Common European Framework of Reference for Languages<\/em>(<em>CEFRL<\/em>).<\/p>\n<h2><span style=\"color: #ffffff;\"><strong>***<\/strong><\/span><\/h2>\n<h4><strong>DELF (<em>Dipl\u00f4me d\u2019Etudes en Langue Fran\u00e7aise)<\/em><\/strong><\/h4>\n<p>DELF is composed of 4 independent diplomas that correspond to the levels of the CEFRL:<\/p>\n<ul>\n<li><strong>DELF A1<\/strong>. This is the beginner or \u201cbreakthrough\u201d level of language use. At this stage, the learner is able to interact in a simple way: they can talk about themselves and their immediate environment.<\/li>\n<\/ul>\n<p>&nbsp;<\/p>\n<ul>\n<li><strong>DELF A2<\/strong>. This level recognizes the linguistic competency of a basic user, considered as a social actor. The candidate can communicate in simple and routine tasks requiring the most common polite phrases and exchanges of information.<\/li>\n<\/ul>\n<p>&nbsp;<\/p>\n<ul>\n<li><strong>DELF B1<\/strong>. This diploma is for intermediate or \u201cthreshold\u201d users. At this level, the user becomes independent. They can maintain interaction: They can understand and maintain a discussion and give their opinion. They are capable of dealing with situations likely to arise in daily life.<\/li>\n<\/ul>\n<p>&nbsp;<\/p>\n<ul>\n<li><strong>DELF B2<\/strong>. This diploma certifies a degree of independence that allows the user to construct arguments to defend their opinion, explain their viewpoint and negotiate. At this level, the candidate has a degree of fluency and spontaneity in regular interactions and is capable of correcting their own mistakes.<\/li>\n<\/ul>\n<p>&nbsp;<\/p>\n<h4><strong>DELF Junior<\/strong><\/h4>\n<p>The structure of this version is the same as that of the standard version of DELF. Only the topics and the materials are different: these are adapted for young learners.<\/p>\n<p>&nbsp;<\/p>\n<h4><strong>DALF (Dipl\u00f4me Approfondi de Langue Fran\u00e7aise)<\/strong><\/h4>\n<p>DALF is the level required for entry into most French universities. It is composed of 2 independent diplomas that correspond to the levels of the CEFRL:<\/p>\n<ul>\n<li><strong>DALF C1<\/strong>. Language users at this level are independent. They can express themselves fluently and spontaneously. They have a large range of vocabulary and can choose the appropriate expression to introduce their comments. They can produce clear, well-structured discourse without hesitation and which shows controlled use of structures.<\/li>\n<\/ul>\n<p>&nbsp;<\/p>\n<ul>\n<li><strong>DALF C2<\/strong>. C2 users\u2019 proficiency in the language is illustrated by precision, appropriateness and fluency of expression. C2 candidates are capable of using the language for academic and advanced-level purposes.<\/li>\n<\/ul>\n<p>&nbsp;<\/p>\n<h3><strong>OFFICIAL LANGUAGE SCHOOL EXAMS<\/strong><\/h3>\n<h2><span style=\"color: #ffffff;\"><strong>***<\/strong><\/span><\/h2>\n<ul>\n<li><strong>Level A1<\/strong>: beginners<\/li>\n<li><strong>Level A2<\/strong>: elementary<\/li>\n<li><strong>Level B1<\/strong>: intermediate<\/li>\n<li><strong>Level B2<\/strong>: upper intermediate<\/li>\n<li><strong>Level C1<\/strong>: advanced<\/li>\n<li><strong>Level C2<\/strong>: proficiency<\/li>\n<\/ul>\n<p>[\/et_pb_accordion_item][et_pb_accordion_item title=&#8221;OFFICIAL EXAMS IN GERMAN&#8221; _builder_version=&#8221;3.5.1&#8243; use_background_color_gradient=&#8221;off&#8221; background_color_gradient_start=&#8221;#2b87da&#8221; background_color_gradient_end=&#8221;#29c4a9&#8243; background_color_gradient_type=&#8221;linear&#8221; background_color_gradient_direction=&#8221;180deg&#8221; background_color_gradient_direction_radial=&#8221;center&#8221; background_color_gradient_start_position=&#8221;0%&#8221; background_color_gradient_end_position=&#8221;100%&#8221; background_color_gradient_overlays_image=&#8221;off&#8221; parallax=&#8221;off&#8221; parallax_method=&#8221;on&#8221; background_size=&#8221;cover&#8221; background_position=&#8221;center&#8221; background_repeat=&#8221;no-repeat&#8221; background_blend=&#8221;normal&#8221; allow_player_pause=&#8221;off&#8221; background_video_pause_outside_viewport=&#8221;on&#8221; text_shadow_style=&#8221;none&#8221; box_shadow_style=&#8221;none&#8221; text_shadow_horizontal_length=&#8221;0em&#8221; text_shadow_vertical_length=&#8221;0em&#8221; text_shadow_blur_strength=&#8221;0em&#8221;]<\/p>\n<p style=\"text-align: justify;\"><a href=\"http:\/\/englishcentercalahorra.es\/wp-content\/uploads\/2016\/05\/alemania-min.jpeg\"><img loading=\"lazy\" decoding=\"async\" class=\"aligncenter size-full wp-image-393\" src=\"http:\/\/englishcentercalahorra.es\/wp-content\/uploads\/2016\/05\/alemania-min.jpeg\" alt=\"alemania-min\" width=\"4272\" height=\"2848\" srcset=\"https:\/\/englishcentercalahorra.es\/wp-content\/uploads\/2016\/05\/alemania-min.jpeg 4272w, https:\/\/englishcentercalahorra.es\/wp-content\/uploads\/2016\/05\/alemania-min-300x200.jpeg 300w, https:\/\/englishcentercalahorra.es\/wp-content\/uploads\/2016\/05\/alemania-min-768x512.jpeg 768w, https:\/\/englishcentercalahorra.es\/wp-content\/uploads\/2016\/05\/alemania-min-1024x683.jpeg 1024w, https:\/\/englishcentercalahorra.es\/wp-content\/uploads\/2016\/05\/alemania-min-1080x720.jpeg 1080w\" sizes=\"(max-width: 4272px) 100vw, 4272px\" \/><\/a><\/p>\n<h2><strong>GOETHE INSTITUT EXAMS<\/strong><\/h2>\n<p>&nbsp;<\/p>\n<p>The Goethe-Institut&#8217;s German language exams correspond to the levels of the Common European Framework of Reference for Languages (CEFR) and range from A1 for beginners to C2 for language skills at the highest level:<\/p>\n<p>&#8211;\u00a0 <strong>LEVEL A1<\/strong>. The Goethe-Institut offers two versions of exam for level A1:<\/p>\n<ul>\n<li><strong>SD1 (Start Deutsch 1)<\/strong>. This is an exam for adults. It certifies that candidates have acquired very basic language skills and corresponds to the first level (A1) on the six-level scale of competence laid down in the CEFR.<\/li>\n<li><strong>Fit1 (Fit in Deutsch 1)<\/strong>. This is an examfor children and young people between 10 and 16 years of age. It certifies that candidates have acquired very basic language skills and corresponds to the first level (A1) on the six-level scale of competence laid down in the CEFR.<\/li>\n<\/ul>\n<p>&#8211;\u00a0 <strong>LEVEL A2<\/strong>. The Goethe-Institut offers two versions of exam for level A2:<\/p>\n<ul>\n<li><strong>SD2 (Start Deutsch 2)<\/strong>. Thisis an exam for adults. It requires elementary language skills and corresponds to the second level (A2) on the six-level scale of competence laid down in the CEFR.<\/li>\n<li><strong>Fit2 (Fit in Deutsch 2)<\/strong>.Thisis an exam for young people between the ages of 12 and 16. It certifies that candidates have acquired basic language skills and corresponds to the second level (A2) on the six-level scale of competence laid down in the CEFR.<\/li>\n<\/ul>\n<p>&nbsp;<\/p>\n<p>&#8211;\u00a0 <strong>LEVEL B1<\/strong>. The Goethe-Institut offers two versions of exam for level B1:<\/p>\n<ul>\n<li><strong>B1 (adults)<\/strong>.This is an exam for adults. It certifies that candidates are independent users of the German language and corresponds to the third level (B1) on the six-level scale of competence laid down in the CEFR.<\/li>\n<li><strong>B1 (young people)<\/strong>.This is an exam for young people. It certifies that candidates are independent users of the German language and corresponds to the third level (B1) on the six-level scale of competence laid down in the CEFR.<\/li>\n<\/ul>\n<p>&nbsp;<\/p>\n<p>&#8211; <strong>LEVEL B2<\/strong>. This is an exam for adults. It certifies that candidates have acquired advanced language skills and corresponds to the fourth level (B2) of the six-level scale of competence laid down in the CEFR.<\/p>\n<p>&#8211; <strong>LEVEL C1<\/strong>. This is an exam for adults. It certifies that candidates have acquired advanced language skills and corresponds to the fifth level (C1) of the six-level scale of competence laid down in the CEFR.<\/p>\n<p>&#8211; <strong>LEVEL C2<\/strong>. This is an exam for adults. \u00a0It certifies that candidates have acquired extremely advanced language skills and corresponds to the sixth level (C2) on the six-level scale of competence laid down in the CEFR.<\/p>\n<p>&#8211; <strong>TestDaF<\/strong>. This<strong>\u00a0<\/strong>is an advanced-level language exam. It covers levels B2 to C1 on the six-level scale of competence laid down in the CEFR. The certificate issued upon successful completion of all four sections of the TestDaF exam at TestDaF level 4 will act as evidence of the language skills needed to gain admission to almost any subject and degree course at universities and institutions of higher education in Germany.<\/p>\n<p>&#8211; <strong>BULATS (Deutsch-Test f\u00fcr den Beruf)<\/strong>. This\u00a0<strong>BULATS Deutsch-Test f\u00fcr den Beruf<\/strong>\u00a0exam is a German test for adults that can be used to determine candidates\u2019 language skills in a workplace setting.<\/p>\n<p>&nbsp;<\/p>\n<h4><strong>OFFICIAL LANGUAGE SCHOOL EXAMS<\/strong><\/h4>\n<ul>\n<li><strong>Level A1<\/strong>: beginners<\/li>\n<li><strong>Level A2<\/strong>: elementary<\/li>\n<li><strong>Level B1<\/strong>: intermediate<\/li>\n<li><strong>Level B2<\/strong>: upper intermediate<\/li>\n<li><strong>Level C1<\/strong>: advanced<\/li>\n<li><strong>Level C2<\/strong>: proficiency<\/li>\n<\/ul>\n<p>[\/et_pb_accordion_item][\/et_pb_accordion][\/et_pb_column][\/et_pb_row][\/et_pb_section][et_pb_section bb_built=&#8221;1&#8243; fullwidth=&#8221;on&#8221; specialty=&#8221;off&#8221; transparent_background=&#8221;off&#8221; background_color=&#8221;#144a6f&#8221; allow_player_pause=&#8221;off&#8221; inner_shadow=&#8221;off&#8221; parallax=&#8221;off&#8221; parallax_method=&#8221;off&#8221; padding_mobile=&#8221;off&#8221; make_fullwidth=&#8221;off&#8221; use_custom_width=&#8221;off&#8221; width_unit=&#8221;on&#8221; make_equal=&#8221;off&#8221; use_custom_gutter=&#8221;off&#8221; custom_padding_tablet=&#8221;50px|0|50px|0&#8243; custom_padding_last_edited=&#8221;on|desktop&#8221; prev_background_color=&#8221;#ffffff&#8221;][et_pb_fullwidth_header title=&#8221;\u00bfSabes qu\u00e9 ofrecemos en English Center?&#8221; subhead=&#8221;\u00a1conoce nuestros servicios!&#8221; background_layout=&#8221;dark&#8221; text_orientation=&#8221;center&#8221; header_fullscreen=&#8221;off&#8221; header_scroll_down=&#8221;off&#8221; parallax=&#8221;off&#8221; parallax_method=&#8221;off&#8221; content_orientation=&#8221;center&#8221; image_orientation=&#8221;center&#8221; custom_button_one=&#8221;off&#8221; button_one_letter_spacing=&#8221;0&#8243; button_one_use_icon=&#8221;default&#8221; button_one_icon_placement=&#8221;right&#8221; button_one_on_hover=&#8221;on&#8221; button_one_letter_spacing_hover=&#8221;0&#8243; custom_button_two=&#8221;off&#8221; button_two_letter_spacing=&#8221;0&#8243; button_two_use_icon=&#8221;default&#8221; button_two_icon_placement=&#8221;right&#8221; button_two_on_hover=&#8221;on&#8221; button_two_letter_spacing_hover=&#8221;0&#8243; title_font=&#8221;Gloria Hallelujah|on|||&#8221; subhead_font=&#8221;Gloria Hallelujah||on||&#8221; subhead_font_size=&#8221;25px&#8221; title_font_size=&#8221;40px&#8221; content_max_width=&#8221;100%&#8221; background_color=&#8221;rgba(255, 255, 255, 0)&#8221;]<\/p>\n<p>&nbsp;<\/p>\n<p>[\/et_pb_fullwidth_header][\/et_pb_section]<\/p>\n","protected":false},"excerpt":{"rendered":"<p>[:es] &nbsp; EX\u00c1MENES OFICIALES En English Center ofrecemos cursos espec\u00edficos, adaptados al Marco Com\u00fan Europeo de Referencia para las Lenguas (MCER), para la preparaci\u00f3n de los ex\u00e1menes oficiales de ingl\u00e9s, franc\u00e9s y alem\u00e1n. \u00a0CAMBRIDGE ENGLISH LANGUAGE ASSESSMENT *** Para ni\u00f1os (7-12 a\u00f1os): Cambridge English Young Learners\u00a0se compone de una serie de ex\u00e1menes de ingl\u00e9s divertidos [&hellip;]<\/p>\n","protected":false},"author":1,"featured_media":5,"parent":0,"menu_order":0,"comment_status":"closed","ping_status":"closed","template":"","meta":{"_et_pb_use_builder":"on","_et_pb_old_content":"","_et_gb_content_width":"","footnotes":""},"class_list":["post-288","page","type-page","status-publish","has-post-thumbnail","hentry"],"translation":{"provider":"WPGlobus","version":"3.0.2","language":"en","enabled_languages":["es","en"],"languages":{"es":{"title":true,"content":true,"excerpt":false},"en":{"title":true,"content":true,"excerpt":false}}},"_links":{"self":[{"href":"https:\/\/englishcentercalahorra.es\/en\/wp-json\/wp\/v2\/pages\/288","targetHints":{"allow":["GET"]}}],"collection":[{"href":"https:\/\/englishcentercalahorra.es\/en\/wp-json\/wp\/v2\/pages"}],"about":[{"href":"https:\/\/englishcentercalahorra.es\/en\/wp-json\/wp\/v2\/types\/page"}],"author":[{"embeddable":true,"href":"https:\/\/englishcentercalahorra.es\/en\/wp-json\/wp\/v2\/users\/1"}],"replies":[{"embeddable":true,"href":"https:\/\/englishcentercalahorra.es\/en\/wp-json\/wp\/v2\/comments?post=288"}],"version-history":[{"count":76,"href":"https:\/\/englishcentercalahorra.es\/en\/wp-json\/wp\/v2\/pages\/288\/revisions"}],"predecessor-version":[{"id":761,"href":"https:\/\/englishcentercalahorra.es\/en\/wp-json\/wp\/v2\/pages\/288\/revisions\/761"}],"wp:featuredmedia":[{"embeddable":true,"href":"https:\/\/englishcentercalahorra.es\/en\/wp-json\/wp\/v2\/media\/5"}],"wp:attachment":[{"href":"https:\/\/englishcentercalahorra.es\/en\/wp-json\/wp\/v2\/media?parent=288"}],"curies":[{"name":"wp","href":"https:\/\/api.w.org\/{rel}","templated":true}]}}