{"id":192,"date":"2016-05-24T02:58:58","date_gmt":"2016-05-24T01:58:58","guid":{"rendered":"http:\/\/englishcentercalahorra.es\/?page_id=192"},"modified":"2018-06-04T14:25:20","modified_gmt":"2018-06-04T13:25:20","slug":"empresas","status":"publish","type":"page","link":"https:\/\/englishcentercalahorra.es\/en\/empresas\/","title":{"rendered":"Ingl\u00e9s Empresas"},"content":{"rendered":"<p>[et_pb_section bb_built=&#8221;1&#8243; admin_label=&#8221;Section&#8221; inner_shadow=&#8221;on&#8221; fullwidth=&#8221;on&#8221; custom_padding_last_edited=&#8221;on|desktop&#8221; _builder_version=&#8221;3.3.1&#8243; background_color=&#8221;#ffffff&#8221; background_image=&#8221;http:\/\/englishcentercalahorra.es\/wp-content\/uploads\/2016\/05\/photo-1431540015161-0bf868a2d407-min.jpeg&#8221; parallax=&#8221;on&#8221; parallax_method=&#8221;off&#8221; custom_padding_tablet=&#8221;50px|0|50px|0&#8243; next_background_color=&#8221;#144a6f&#8221;][et_pb_fullwidth_header admin_label=&#8221;Fullwidth Header&#8221; title=&#8221;COMPANIES&#8221; text_orientation=&#8221;center&#8221; header_fullscreen=&#8221;on&#8221; header_scroll_down=&#8221;on&#8221; scroll_down_icon=&#8221;%%4%%&#8221; title_font_color=&#8221;#ffffff&#8221; subhead_font_color=&#8221;#ffffff&#8221; _builder_version=&#8221;3.3.1&#8243; title_font=&#8221;|on|||&#8221; title_text_color=&#8221;#ffffff&#8221; title_font_size=&#8221;50px&#8221; subhead_font=&#8221;|on|||&#8221; subhead_text_color=&#8221;#ffffff&#8221; subhead_font_size=&#8221;30px&#8221; background_color=&#8221;rgba(255,255,255,0)&#8221; parallax=&#8221;on&#8221; max_width_tablet=&#8221;50px&#8221; background_image=&#8221;http:\/\/englishcentercalahorra.es\/wp-content\/uploads\/2016\/05\/photo-1431540015161-0bf868a2d407-min.jpeg&#8221; \/][\/et_pb_section][et_pb_section bb_built=&#8221;1&#8243; inner_shadow=&#8221;on&#8221; custom_padding_last_edited=&#8221;on|desktop&#8221; _builder_version=&#8221;3.0.47&#8243; background_color=&#8221;#144a6f&#8221; parallax=&#8221;on&#8221; custom_padding_tablet=&#8221;50px|0|50px|0&#8243; transparent_background=&#8221;off&#8221; padding_mobile=&#8221;off&#8221; prev_background_color=&#8221;#ffffff&#8221; next_background_color=&#8221;#e02b20&#8243;][et_pb_row make_fullwidth=&#8221;on&#8221; padding_mobile=&#8221;off&#8221; column_padding_mobile=&#8221;on&#8221; parallax_method_1=&#8221;off&#8221; _builder_version=&#8221;3.0.47&#8243; background_size=&#8221;initial&#8221; background_position=&#8221;top_left&#8221; background_repeat=&#8221;repeat&#8221;][et_pb_column type=&#8221;4_4&#8243;][et_pb_text _builder_version=&#8221;3.3.1&#8243; text_font=&#8221;|on|||&#8221; text_text_color=&#8221;#ffffff&#8221; text_font_size=&#8221;18&#8243; text_orientation=&#8221;justified&#8221; background_layout=&#8221;dark&#8221; use_border_color=&#8221;off&#8221; border_color=&#8221;#ffffff&#8221; border_style=&#8221;solid&#8221;]<\/p>\n<h3 style=\"text-align: center;\"><strong>COMPANIES<\/strong><\/h3>\n<p>&nbsp;<\/p>\n<p>We provide individualized training, tailored to meet the needs of your company. We have a solid experience in teaching <em>in-company<\/em> courses for executives and staff in different business sectors.<\/p>\n<p>Before starting a course, it is necessary to know the objectives of each company and the level of the students. To this end, we carry out an initial language audit in order to develop a custom-made program to meet individual needs.<\/p>\n<p>All our classes are practical and focused on communication, taking into account the requisites of specific sectors in each company.<\/p>\n<p>We also offer classes on telephone and video conference, upon request.<\/p>\n<p>[\/et_pb_text][et_pb_button button_url=&#8221;http:\/\/englishcentercalahorra.es\/contacto\/&#8221; button_text=&#8221;For further information, please contact us.&#8221; button_alignment=&#8221;center&#8221; _builder_version=&#8221;3.3.1&#8243; custom_button=&#8221;on&#8221; button_text_color=&#8221;#ffffff&#8221; button_icon=&#8221;%%372%%&#8221;]<\/p>\n<p>&nbsp;<\/p>\n<p>[\/et_pb_button][\/et_pb_column][\/et_pb_row][\/et_pb_section][et_pb_section bb_built=&#8221;1&#8243; inner_shadow=&#8221;on&#8221; custom_padding_last_edited=&#8221;on|desktop&#8221; _builder_version=&#8221;3.0.47&#8243; background_color=&#8221;#e02b20&#8243; background_image=&#8221;http:\/\/englishcentercalahorra.es\/wp-content\/uploads\/2016\/05\/photo-1450101499163-c8848c66ca85-min.jpeg&#8221; parallax=&#8221;on&#8221; custom_padding_tablet=&#8221;50px|0|50px|0&#8243; transparent_background=&#8221;off&#8221; padding_mobile=&#8221;off&#8221; prev_background_color=&#8221;#144a6f&#8221; next_background_color=&#8221;#144a6f&#8221;][et_pb_row _builder_version=&#8221;3.0.47&#8243; background_size=&#8221;initial&#8221; background_position=&#8221;top_left&#8221; background_repeat=&#8221;repeat&#8221;][et_pb_column type=&#8221;4_4&#8243;][et_pb_text _builder_version=&#8221;3.3.1&#8243; use_border_color=&#8221;off&#8221;]<\/p>\n<p>&nbsp;<\/p>\n<p>&nbsp;<\/p>\n<p>&nbsp;<\/p>\n<p>&nbsp;<\/p>\n<p>&nbsp;<\/p>\n<p>&nbsp;<\/p>\n<p>&nbsp;<\/p>\n<p>&nbsp;<\/p>\n<p>&nbsp;<\/p>\n<p>&nbsp;<\/p>\n<p>&nbsp;<\/p>\n<p>[\/et_pb_text][\/et_pb_column][\/et_pb_row][\/et_pb_section][et_pb_section bb_built=&#8221;1&#8243; fullwidth=&#8221;on&#8221; custom_padding_last_edited=&#8221;on|desktop&#8221; _builder_version=&#8221;3.0.47&#8243; background_color=&#8221;#144a6f&#8221; custom_padding_tablet=&#8221;50px|0|50px|0&#8243; transparent_background=&#8221;off&#8221; padding_mobile=&#8221;off&#8221; prev_background_color=&#8221;#e02b20&#8243;][et_pb_fullwidth_header title=&#8221;Would you like to know more about English Center?&#8221; subhead=&#8221;inquire about our services&#8221; text_orientation=&#8221;center&#8221; _builder_version=&#8221;3.3.1&#8243; title_font=&#8221;Gloria Hallelujah|on|||&#8221; title_font_size=&#8221;40px&#8221; subhead_font=&#8221;Gloria Hallelujah||on||&#8221; subhead_font_size=&#8221;25px&#8221; background_color=&#8221;rgba(255, 255, 255, 0)&#8221; max_width_tablet=&#8221;50px&#8221; background_overlay_color=&#8221;#22618c&#8221; \/][\/et_pb_section]<\/p>\n","protected":false},"excerpt":{"rendered":"<p>[:es] &nbsp; EMPRESAS &nbsp; En English Center ofrecemos una formaci\u00f3n dise\u00f1ada a medida para cubrir las necesidades de su empresa. Tenemos una s\u00f3lida experiencia impartiendo clases in house\u00a0a directivos y personal en distintas compa\u00f1\u00edas. Antes de iniciar los cursos de idiomas es imprescindible conocer los objetivos de cada empresa y el nivel de sus alumnos. [&hellip;]<\/p>\n","protected":false},"author":1,"featured_media":245,"parent":0,"menu_order":0,"comment_status":"closed","ping_status":"closed","template":"","meta":{"_et_pb_use_builder":"on","_et_pb_old_content":"","_et_gb_content_width":"","footnotes":""},"class_list":["post-192","page","type-page","status-publish","has-post-thumbnail","hentry"],"translation":{"provider":"WPGlobus","version":"3.0.2","language":"en","enabled_languages":["es","en"],"languages":{"es":{"title":true,"content":true,"excerpt":false},"en":{"title":true,"content":true,"excerpt":false}}},"_links":{"self":[{"href":"https:\/\/englishcentercalahorra.es\/en\/wp-json\/wp\/v2\/pages\/192","targetHints":{"allow":["GET"]}}],"collection":[{"href":"https:\/\/englishcentercalahorra.es\/en\/wp-json\/wp\/v2\/pages"}],"about":[{"href":"https:\/\/englishcentercalahorra.es\/en\/wp-json\/wp\/v2\/types\/page"}],"author":[{"embeddable":true,"href":"https:\/\/englishcentercalahorra.es\/en\/wp-json\/wp\/v2\/users\/1"}],"replies":[{"embeddable":true,"href":"https:\/\/englishcentercalahorra.es\/en\/wp-json\/wp\/v2\/comments?post=192"}],"version-history":[{"count":44,"href":"https:\/\/englishcentercalahorra.es\/en\/wp-json\/wp\/v2\/pages\/192\/revisions"}],"predecessor-version":[{"id":758,"href":"https:\/\/englishcentercalahorra.es\/en\/wp-json\/wp\/v2\/pages\/192\/revisions\/758"}],"wp:featuredmedia":[{"embeddable":true,"href":"https:\/\/englishcentercalahorra.es\/en\/wp-json\/wp\/v2\/media\/245"}],"wp:attachment":[{"href":"https:\/\/englishcentercalahorra.es\/en\/wp-json\/wp\/v2\/media?parent=192"}],"curies":[{"name":"wp","href":"https:\/\/api.w.org\/{rel}","templated":true}]}}