{"id":165,"date":"2016-05-24T02:27:45","date_gmt":"2016-05-24T01:27:45","guid":{"rendered":"http:\/\/englishcentercalahorra.es\/?page_id=165"},"modified":"2018-05-14T15:40:40","modified_gmt":"2018-05-14T14:40:40","slug":"ingles-adolescentes","status":"publish","type":"page","link":"https:\/\/englishcentercalahorra.es\/en\/ingles-adolescentes\/","title":{"rendered":"English for Teens"},"content":{"rendered":"<p>[et_pb_section bb_built=&#8221;1&#8243; fullwidth=&#8221;on&#8221; specialty=&#8221;off&#8221; background_image=&#8221;http:\/\/englishcentercalahorra.es\/wp-content\/uploads\/2016\/05\/center-adolescentes.jpg&#8221; transparent_background=&#8221;off&#8221; background_color=&#8221;#ffffff&#8221; allow_player_pause=&#8221;off&#8221; inner_shadow=&#8221;on&#8221; parallax=&#8221;on&#8221; parallax_method=&#8221;off&#8221; padding_mobile=&#8221;off&#8221; make_fullwidth=&#8221;off&#8221; use_custom_width=&#8221;off&#8221; width_unit=&#8221;on&#8221; make_equal=&#8221;off&#8221; use_custom_gutter=&#8221;off&#8221; custom_padding_tablet=&#8221;50px|0|50px|0&#8243; custom_padding_last_edited=&#8221;on|desktop&#8221; next_background_color=&#8221;#144a6f&#8221;][et_pb_fullwidth_header background_layout=&#8221;dark&#8221; text_orientation=&#8221;center&#8221; header_fullscreen=&#8221;on&#8221; header_scroll_down=&#8221;on&#8221; parallax=&#8221;on&#8221; parallax_method=&#8221;off&#8221; content_orientation=&#8221;center&#8221; image_orientation=&#8221;center&#8221; custom_button_one=&#8221;off&#8221; button_one_letter_spacing=&#8221;0&#8243; button_one_use_icon=&#8221;default&#8221; button_one_icon_placement=&#8221;right&#8221; button_one_on_hover=&#8221;on&#8221; button_one_letter_spacing_hover=&#8221;0&#8243; custom_button_two=&#8221;off&#8221; button_two_letter_spacing=&#8221;0&#8243; button_two_use_icon=&#8221;default&#8221; button_two_icon_placement=&#8221;right&#8221; button_two_on_hover=&#8221;on&#8221; button_two_letter_spacing_hover=&#8221;0&#8243; title_font=&#8221;|on|||&#8221; subhead_font=&#8221;|on|||&#8221; title_font_size=&#8221;50px&#8221; subhead_font_size=&#8221;30px&#8221; content_font=&#8221;Gloria Hallelujah||||&#8221; title_font_color=&#8221;#ffffff&#8221; subhead_font_color=&#8221;#ffffff&#8221; scroll_down_icon=&#8221;%%4%%&#8221; title=&#8221;ENGLISH FOR TEENS&#8221;]<br \/>\n[\/et_pb_fullwidth_header][\/et_pb_section][et_pb_section bb_built=&#8221;1&#8243; fullwidth=&#8221;off&#8221; specialty=&#8221;off&#8221; transparent_background=&#8221;off&#8221; background_color=&#8221;#144a6f&#8221; allow_player_pause=&#8221;off&#8221; inner_shadow=&#8221;off&#8221; parallax=&#8221;on&#8221; parallax_method=&#8221;on&#8221; padding_mobile=&#8221;off&#8221; make_fullwidth=&#8221;off&#8221; use_custom_width=&#8221;off&#8221; width_unit=&#8221;on&#8221; make_equal=&#8221;off&#8221; use_custom_gutter=&#8221;off&#8221; custom_padding_tablet=&#8221;50px|0|50px|0&#8243; custom_padding_last_edited=&#8221;on|desktop&#8221; prev_background_color=&#8221;#ffffff&#8221; next_background_color=&#8221;rgba(255,255,255,0)&#8221;][et_pb_row make_fullwidth=&#8221;on&#8221; use_custom_width=&#8221;off&#8221; width_unit=&#8221;on&#8221; use_custom_gutter=&#8221;off&#8221; padding_mobile=&#8221;off&#8221; allow_player_pause=&#8221;off&#8221; parallax=&#8221;off&#8221; parallax_method=&#8221;off&#8221; make_equal=&#8221;off&#8221; parallax_1=&#8221;off&#8221; parallax_method_1=&#8221;off&#8221; column_padding_mobile=&#8221;on&#8221;][et_pb_column type=&#8221;4_4&#8243;][et_pb_text background_layout=&#8221;dark&#8221; text_orientation=&#8221;justified&#8221; use_border_color=&#8221;off&#8221; border_color=&#8221;#ffffff&#8221; border_style=&#8221;solid&#8221; text_font=&#8221;|on|||&#8221; text_font_size=&#8221;18&#8243; _builder_version=&#8221;3.2.2&#8243;]<\/p>\n<h3 style=\"text-align: center;\"><strong>ENGLISH FOR TEENS<\/strong><\/h3>\n<p style=\"text-align: justify;\">The courses for teens have been designed in two different ways based on their objectives:<\/p>\n<ol style=\"text-align: justify;\">\n<li>For students aiming to improve their English, we offer courses that will allow them to reach their goals. These courses are specially recommended for students enrolled in bilingual ESO, those who plan to take an <em><a href=\"http:\/\/englishcentercalahorra.es\/en\/examenes-oficiales\/\">official English exam<\/a><\/em> or study abroad.<\/li>\n<\/ol>\n<p style=\"text-align: justify;\">We have developed a study plan consisting of three stages in order to obtain a C1 level by the end of second\u00a0year of Bachillerato:<\/p>\n<p>&nbsp;<\/p>\n<ul style=\"text-align: justify;\">\n<li>Stage 1: PET\/B1<\/li>\n<\/ul>\n<ul style=\"text-align: justify;\">\n<li>Stage 2: FCE\/B2<\/li>\n<\/ul>\n<ul style=\"text-align: justify;\">\n<li>Stage 3: CAE\/C1<\/li>\n<\/ul>\n<p>&nbsp;<\/p>\n<ol start=\"2\">\n<li style=\"text-align: justify;\">For students who need to reinforce their secondary school studies, we have individual classes as well as small groups.<\/li>\n<\/ol>\n<p>[\/et_pb_text][et_pb_button url_new_window=&#8221;off&#8221; button_text=&#8221;For further information, please contact us.&#8221; button_alignment=&#8221;center&#8221; background_layout=&#8221;light&#8221; custom_button=&#8221;on&#8221; button_text_color=&#8221;#ffffff&#8221; button_letter_spacing=&#8221;0&#8243; button_use_icon=&#8221;default&#8221; button_icon=&#8221;%%372%%&#8221; button_icon_placement=&#8221;right&#8221; button_on_hover=&#8221;on&#8221; button_letter_spacing_hover=&#8221;0&#8243; button_url=&#8221;http:\/\/englishcentercalahorra.es\/contacto\/&#8221;]<br \/>\n[\/et_pb_button][\/et_pb_column][\/et_pb_row][\/et_pb_section][et_pb_section bb_built=&#8221;1&#8243; fullwidth=&#8221;off&#8221; specialty=&#8221;off&#8221; background_image=&#8221;http:\/\/englishcentercalahorra.es\/wp-content\/uploads\/2016\/05\/photo-1460502486804-d3ac385162be-min.jpeg&#8221; transparent_background=&#8221;on&#8221; background_color=&#8221;rgba(255,255,255,0)&#8221; allow_player_pause=&#8221;off&#8221; inner_shadow=&#8221;off&#8221; parallax=&#8221;on&#8221; parallax_method=&#8221;off&#8221; padding_mobile=&#8221;off&#8221; make_fullwidth=&#8221;off&#8221; use_custom_width=&#8221;off&#8221; width_unit=&#8221;on&#8221; make_equal=&#8221;off&#8221; use_custom_gutter=&#8221;off&#8221; custom_padding_tablet=&#8221;50px|0|50px|0&#8243; custom_padding_last_edited=&#8221;on|desktop&#8221; prev_background_color=&#8221;#144a6f&#8221; next_background_color=&#8221;#144a6f&#8221;][et_pb_row][et_pb_column type=&#8221;4_4&#8243;][et_pb_text background_layout=&#8221;light&#8221; text_orientation=&#8221;left&#8221; use_border_color=&#8221;off&#8221; border_color=&#8221;#ffffff&#8221; border_style=&#8221;solid&#8221;]<\/p>\n<p>&nbsp;<\/p>\n<p>&nbsp;<\/p>\n<p>&nbsp;<\/p>\n<p>&nbsp;<\/p>\n<p>&nbsp;<\/p>\n<p>&nbsp;<\/p>\n<p>&nbsp;<\/p>\n<p>&nbsp;<\/p>\n<p>&nbsp;<\/p>\n<p>&nbsp;<\/p>\n<p>&nbsp;<\/p>\n<p>&nbsp;<\/p>\n<p>[\/et_pb_text][\/et_pb_column][\/et_pb_row][\/et_pb_section][et_pb_section bb_built=&#8221;1&#8243; fullwidth=&#8221;on&#8221; specialty=&#8221;off&#8221; transparent_background=&#8221;off&#8221; background_color=&#8221;#144a6f&#8221; allow_player_pause=&#8221;off&#8221; inner_shadow=&#8221;off&#8221; parallax=&#8221;off&#8221; parallax_method=&#8221;off&#8221; padding_mobile=&#8221;off&#8221; make_fullwidth=&#8221;off&#8221; use_custom_width=&#8221;off&#8221; width_unit=&#8221;on&#8221; make_equal=&#8221;off&#8221; use_custom_gutter=&#8221;off&#8221; custom_padding_tablet=&#8221;50px|0|50px|0&#8243; custom_padding_last_edited=&#8221;on|desktop&#8221; prev_background_color=&#8221;rgba(255,255,255,0)&#8221;][et_pb_fullwidth_header title=&#8221;Would you like to know more about English Center?&#8221; subhead=&#8221;inquire about our services&#8221; background_layout=&#8221;dark&#8221; text_orientation=&#8221;justified&#8221; header_fullscreen=&#8221;off&#8221; header_scroll_down=&#8221;off&#8221; parallax=&#8221;off&#8221; parallax_method=&#8221;off&#8221; content_orientation=&#8221;center&#8221; image_orientation=&#8221;center&#8221; custom_button_one=&#8221;off&#8221; button_one_letter_spacing=&#8221;0&#8243; button_one_use_icon=&#8221;default&#8221; button_one_icon_placement=&#8221;right&#8221; button_one_on_hover=&#8221;on&#8221; button_one_letter_spacing_hover=&#8221;0&#8243; custom_button_two=&#8221;off&#8221; button_two_letter_spacing=&#8221;0&#8243; button_two_use_icon=&#8221;default&#8221; button_two_icon_placement=&#8221;right&#8221; button_two_on_hover=&#8221;on&#8221; button_two_letter_spacing_hover=&#8221;0&#8243; title_font=&#8221;Gloria Hallelujah|on|||&#8221; subhead_font=&#8221;Gloria Hallelujah||on||&#8221; subhead_font_size=&#8221;25px&#8221; title_font_size=&#8221;40px&#8221;]<br \/>\n[\/et_pb_fullwidth_header][\/et_pb_section]<\/p>\n","protected":false},"excerpt":{"rendered":"<p>[:es] INGL\u00c9S ADOLESCENTES Para los adolescentes (ESO y Bachiller), English Center ofrece dos tipos de cursos en funci\u00f3n de sus objetivos: Para los alumnos que quieran avanzar en el estudio del idioma, contamos con cursos que les permiten perfeccionar su ingl\u00e9s. Est\u00e1n especialmente recomendados a estudiantes de ESO biling\u00fce y a aquellos que deseen presentarse [&hellip;]<\/p>\n","protected":false},"author":1,"featured_media":255,"parent":0,"menu_order":0,"comment_status":"closed","ping_status":"closed","template":"","meta":{"_et_pb_use_builder":"on","_et_pb_old_content":"","_et_gb_content_width":"","footnotes":""},"class_list":["post-165","page","type-page","status-publish","has-post-thumbnail","hentry"],"translation":{"provider":"WPGlobus","version":"3.0.2","language":"en","enabled_languages":["es","en"],"languages":{"es":{"title":true,"content":true,"excerpt":false},"en":{"title":true,"content":true,"excerpt":false}}},"_links":{"self":[{"href":"https:\/\/englishcentercalahorra.es\/en\/wp-json\/wp\/v2\/pages\/165","targetHints":{"allow":["GET"]}}],"collection":[{"href":"https:\/\/englishcentercalahorra.es\/en\/wp-json\/wp\/v2\/pages"}],"about":[{"href":"https:\/\/englishcentercalahorra.es\/en\/wp-json\/wp\/v2\/types\/page"}],"author":[{"embeddable":true,"href":"https:\/\/englishcentercalahorra.es\/en\/wp-json\/wp\/v2\/users\/1"}],"replies":[{"embeddable":true,"href":"https:\/\/englishcentercalahorra.es\/en\/wp-json\/wp\/v2\/comments?post=165"}],"version-history":[{"count":46,"href":"https:\/\/englishcentercalahorra.es\/en\/wp-json\/wp\/v2\/pages\/165\/revisions"}],"predecessor-version":[{"id":652,"href":"https:\/\/englishcentercalahorra.es\/en\/wp-json\/wp\/v2\/pages\/165\/revisions\/652"}],"wp:featuredmedia":[{"embeddable":true,"href":"https:\/\/englishcentercalahorra.es\/en\/wp-json\/wp\/v2\/media\/255"}],"wp:attachment":[{"href":"https:\/\/englishcentercalahorra.es\/en\/wp-json\/wp\/v2\/media?parent=165"}],"curies":[{"name":"wp","href":"https:\/\/api.w.org\/{rel}","templated":true}]}}